{"id":4745,"date":"2025-03-28T09:52:05","date_gmt":"2025-03-28T08:52:05","guid":{"rendered":"https:\/\/www.data-talk.eu\/welcome-dark\/"},"modified":"2025-03-28T10:25:41","modified_gmt":"2025-03-28T09:25:41","slug":"welcome-dark","status":"publish","type":"page","link":"https:\/\/www.data-talk.eu\/cs\/welcome-dark\/","title":{"rendered":"Welcome dark"},"content":{"rendered":"\n<div class=\"wp-block-group alignwide has-primary-background-color has-background has-global-padding is-layout-constrained wp-block-group-is-layout-constrained\" style=\"padding-top:var(--wp--preset--spacing--x-large);padding-bottom:var(--wp--preset--spacing--x-large);background-image:url(&apos;https:\/\/www.data-talk.eu\/wp-content\/uploads\/2023\/12\/Header_main_texture.svg&apos;);background-position:50% 50%;background-repeat:no-repeat;background-size:1000px;\">\n<h1 class=\"wp-block-heading has-text-align-center has-white-color has-text-color has-roboto-font-family\" style=\"font-style:normal;font-weight:700;letter-spacing:1px\">V\u00edtejte v DataTalk.<\/h1>\n<\/div>\n\n<div class=\"wp-block-group has-global-padding is-layout-constrained wp-container-core-group-is-layout-48890bd9 wp-block-group-is-layout-constrained\" style=\"border-radius:0px;margin-top:0;margin-bottom:0;padding-top:var(--wp--preset--spacing--x-large);padding-bottom:var(--wp--preset--spacing--x-large)\">\n<div class=\"wp-block-group alignwide is-layout-flow wp-container-core-group-is-layout-8a92f19b wp-block-group-is-layout-flow\">\n<div class=\"wp-block-columns alignwide is-layout-flex wp-container-core-columns-is-layout-47e616e8 wp-block-columns-is-layout-flex\">\n<div class=\"wp-block-column is-layout-flow wp-container-core-column-is-layout-c39a6912 wp-block-column-is-layout-flow\">\n<div class=\"wp-block-group has-background has-global-padding is-layout-constrained wp-container-core-group-is-layout-dbf27b9b wp-block-group-is-layout-constrained\" style=\"border-style:none;border-width:0px;border-radius:8px;background-color:#333333;min-height:100%;padding-top:var(--wp--preset--spacing--small);padding-right:var(--wp--preset--spacing--small);padding-bottom:var(--wp--preset--spacing--small);padding-left:var(--wp--preset--spacing--small)\">\n<figure class=\"wp-block-image size-full is-resized\"><img loading=\"lazy\" decoding=\"async\" width=\"46\" height=\"46\" src=\"https:\/\/www.data-talk.eu\/wp-content\/uploads\/2025\/03\/help.svg\" alt=\"help\" class=\"wp-image-4665\" style=\"width:50px\"\/><\/figure>\n\n\n\n<h2 class=\"wp-block-heading has-background-color has-text-color has-roboto-font-family has-large-font-size\" style=\"margin-top:var(--wp--preset--spacing--x-small);letter-spacing:0px\"><strong>Nev\u00edte si rady?<\/strong><\/h2>\n\n\n\n<p class=\"has-surface-color has-text-color has-link-color has-roboto-font-family wp-elements-73cff63fa0734df547db80c7de04edc4\">Zde najdete v\u0161e, co pot\u0159ebujete k vytvo\u0159en\u00ed sv\u00e9ho projektu v DataTalk.<\/p>\n\n\n\n<p class=\"has-text-color has-link-color has-roboto-font-family wp-elements-f041b193167ba4282e88bc92c0860ca0\" style=\"color:#9c63ff\"><a href=\"https:\/\/www.data-talk.eu\/docs\/\" target=\"_blank\" rel=\"noreferrer noopener\">Online Dokumentace \u2192<\/a><\/p>\n<\/div>\n<\/div>\n\n\n\n<div class=\"wp-block-column is-layout-flow wp-container-core-column-is-layout-c39a6912 wp-block-column-is-layout-flow\">\n<div class=\"wp-block-group has-background has-global-padding is-layout-constrained wp-container-core-group-is-layout-dbf27b9b wp-block-group-is-layout-constrained\" style=\"border-style:none;border-width:0px;border-radius:8px;background-color:#333333;min-height:100%;padding-top:var(--wp--preset--spacing--small);padding-right:var(--wp--preset--spacing--small);padding-bottom:var(--wp--preset--spacing--small);padding-left:var(--wp--preset--spacing--small)\">\n<figure class=\"wp-block-image size-full is-resized\"><img loading=\"lazy\" decoding=\"async\" width=\"46\" height=\"46\" src=\"https:\/\/www.data-talk.eu\/wp-content\/uploads\/2025\/03\/blog.svg\" alt=\"blog\" class=\"wp-image-4661\" style=\"width:50px\"\/><\/figure>\n\n\n\n<h2 class=\"wp-block-heading has-background-color has-text-color has-roboto-font-family has-large-font-size\" style=\"margin-top:var(--wp--preset--spacing--x-small);letter-spacing:0px\"><strong>Co je nov\u00e9ho v DataTalk?<\/strong><\/h2>\n\n\n\n<p class=\"has-surface-color has-text-color has-link-color has-roboto-font-family wp-elements-c75dcb6f8eea166c879b77223447a966\">M\u011bjte p\u0159ehled o nov\u00fdch funkc\u00edch, referenc\u00edch a p\u0159\u00edkladech pou\u017eit\u00ed DataTalk.<\/p>\n\n\n\n<p class=\"has-text-color has-link-color has-roboto-font-family wp-elements-e57e1452a3cffa04edbd2dfdac35f8ea\" style=\"color:#9c63ff\"><a href=\"https:\/\/www.data-talk.eu\/cs\/blog\/\" target=\"_blank\" rel=\"noreferrer noopener\">DataTalk Blog \u2192<\/a><\/p>\n<\/div>\n<\/div>\n\n\n\n<div class=\"wp-block-column is-layout-flow wp-container-core-column-is-layout-c39a6912 wp-block-column-is-layout-flow\">\n<div class=\"wp-block-group has-background has-global-padding is-layout-constrained wp-container-core-group-is-layout-dbf27b9b wp-block-group-is-layout-constrained\" style=\"border-style:none;border-width:0px;border-radius:8px;background-color:#333333;min-height:100%;padding-top:var(--wp--preset--spacing--small);padding-right:var(--wp--preset--spacing--small);padding-bottom:var(--wp--preset--spacing--small);padding-left:var(--wp--preset--spacing--small)\">\n<figure class=\"wp-block-image size-full is-resized\"><img loading=\"lazy\" decoding=\"async\" width=\"46\" height=\"46\" src=\"https:\/\/www.data-talk.eu\/wp-content\/uploads\/2025\/03\/contact.svg\" alt=\"contact\" class=\"wp-image-4663\" style=\"width:50px\"\/><\/figure>\n\n\n\n<h2 class=\"wp-block-heading has-background-color has-text-color has-roboto-font-family has-large-font-size\" style=\"margin-top:var(--wp--preset--spacing--x-small);letter-spacing:0px\"><strong>Napi\u0161te n\u00e1m<\/strong><\/h2>\n\n\n\n<p class=\"has-surface-color has-text-color has-link-color has-roboto-font-family wp-elements-d2a92cc9563e7eccee0c336ff0c025dc\">A\u0165 u\u017e m\u00e1te ot\u00e1zku, n\u00e1vrh nebo pochvalu, jsme tu, abychom v\u00e1s vyslechli. Kontaktujte n\u00e1s prost\u0159ednictv\u00edm formul\u00e1\u0159e. <\/p>\n\n\n\n<p class=\"has-text-color has-link-color has-roboto-font-family wp-elements-fac9b00d5aa1f9617b17d4a48d2f7028\" style=\"color:#9c63ff\"><a href=\"https:\/\/www.data-talk.eu\/cs\/#contact\" target=\"_blank\" rel=\"noreferrer noopener\">Kontaktn\u00ed formul\u00e1\u0159 \u2192<\/a><\/p>\n<\/div>\n<\/div>\n<\/div>\n<\/div>\n<\/div>\n","protected":false},"excerpt":{"rendered":"<p>V\u00edtejte v DataTalk. Nev\u00edte si rady? Zde najdete v\u0161e, co pot\u0159ebujete k vytvo\u0159en\u00ed sv\u00e9ho projektu v DataTalk. Online Dokumentace \u2192 Co je nov\u00e9ho v DataTalk? M\u011bjte p\u0159ehled o nov\u00fdch funkc\u00edch, referenc\u00edch a p\u0159\u00edkladech pou\u017eit\u00ed DataTalk. DataTalk Blog \u2192 Napi\u0161te n\u00e1m A\u0165 u\u017e m\u00e1te ot\u00e1zku, n\u00e1vrh nebo pochvalu, jsme tu, abychom v\u00e1s vyslechli. Kontaktujte n\u00e1s prost\u0159ednictv\u00edm [&hellip;]<\/p>\n","protected":false},"author":2,"featured_media":0,"parent":0,"menu_order":0,"comment_status":"closed","ping_status":"closed","template":"wp-custom-template-welcome-dark","meta":{"_uag_custom_page_level_css":"","_swt_meta_header_display":false,"_swt_meta_footer_display":false,"_swt_meta_site_title_display":false,"_swt_meta_sticky_header":false,"_swt_meta_transparent_header":false,"footnotes":""},"class_list":["post-4745","page","type-page","status-publish","hentry"],"yoast_head":"<!-- This site is optimized with the Yoast SEO plugin v27.4 - https:\/\/yoast.com\/product\/yoast-seo-wordpress\/ -->\n<title>Welcome dark - data-talk.eu<\/title>\n<meta name=\"robots\" content=\"index, follow, max-snippet:-1, max-image-preview:large, max-video-preview:-1\" \/>\n<link rel=\"canonical\" href=\"https:\/\/www.data-talk.eu\/cs\/welcome-dark\/\" \/>\n<meta property=\"og:locale\" content=\"cs_CZ\" \/>\n<meta property=\"og:type\" content=\"article\" \/>\n<meta property=\"og:title\" content=\"Welcome dark - data-talk.eu\" \/>\n<meta property=\"og:description\" content=\"V\u00edtejte v DataTalk. Nev\u00edte si rady? Zde najdete v\u0161e, co pot\u0159ebujete k vytvo\u0159en\u00ed sv\u00e9ho projektu v DataTalk. Online Dokumentace \u2192 Co je nov\u00e9ho v DataTalk? M\u011bjte p\u0159ehled o nov\u00fdch funkc\u00edch, referenc\u00edch a p\u0159\u00edkladech pou\u017eit\u00ed DataTalk. DataTalk Blog \u2192 Napi\u0161te n\u00e1m A\u0165 u\u017e m\u00e1te ot\u00e1zku, n\u00e1vrh nebo pochvalu, jsme tu, abychom v\u00e1s vyslechli. Kontaktujte n\u00e1s prost\u0159ednictv\u00edm [&hellip;]\" \/>\n<meta property=\"og:url\" content=\"https:\/\/www.data-talk.eu\/cs\/welcome-dark\/\" \/>\n<meta property=\"og:site_name\" content=\"data-talk.eu\" \/>\n<meta property=\"article:modified_time\" content=\"2025-03-28T09:25:41+00:00\" \/>\n<meta name=\"twitter:card\" content=\"summary_large_image\" \/>\n<script type=\"application\/ld+json\" class=\"yoast-schema-graph\">{\"@context\":\"https:\\\/\\\/schema.org\",\"@graph\":[{\"@type\":\"WebPage\",\"@id\":\"https:\\\/\\\/www.data-talk.eu\\\/cs\\\/welcome-dark\\\/\",\"url\":\"https:\\\/\\\/www.data-talk.eu\\\/cs\\\/welcome-dark\\\/\",\"name\":\"Welcome dark - data-talk.eu\",\"isPartOf\":{\"@id\":\"https:\\\/\\\/www.data-talk.eu\\\/#website\"},\"primaryImageOfPage\":{\"@id\":\"https:\\\/\\\/www.data-talk.eu\\\/cs\\\/welcome-dark\\\/#primaryimage\"},\"image\":{\"@id\":\"https:\\\/\\\/www.data-talk.eu\\\/cs\\\/welcome-dark\\\/#primaryimage\"},\"thumbnailUrl\":\"https:\\\/\\\/www.data-talk.eu\\\/wp-content\\\/uploads\\\/2025\\\/03\\\/help.svg\",\"datePublished\":\"2025-03-28T08:52:05+00:00\",\"dateModified\":\"2025-03-28T09:25:41+00:00\",\"breadcrumb\":{\"@id\":\"https:\\\/\\\/www.data-talk.eu\\\/cs\\\/welcome-dark\\\/#breadcrumb\"},\"inLanguage\":\"cs\",\"potentialAction\":[{\"@type\":\"ReadAction\",\"target\":[\"https:\\\/\\\/www.data-talk.eu\\\/cs\\\/welcome-dark\\\/\"]}]},{\"@type\":\"ImageObject\",\"inLanguage\":\"cs\",\"@id\":\"https:\\\/\\\/www.data-talk.eu\\\/cs\\\/welcome-dark\\\/#primaryimage\",\"url\":\"https:\\\/\\\/www.data-talk.eu\\\/wp-content\\\/uploads\\\/2025\\\/03\\\/help.svg\",\"contentUrl\":\"https:\\\/\\\/www.data-talk.eu\\\/wp-content\\\/uploads\\\/2025\\\/03\\\/help.svg\"},{\"@type\":\"BreadcrumbList\",\"@id\":\"https:\\\/\\\/www.data-talk.eu\\\/cs\\\/welcome-dark\\\/#breadcrumb\",\"itemListElement\":[{\"@type\":\"ListItem\",\"position\":1,\"name\":\"Dom\u016f\",\"item\":\"https:\\\/\\\/www.data-talk.eu\\\/cs\\\/\"},{\"@type\":\"ListItem\",\"position\":2,\"name\":\"Welcome dark\"}]},{\"@type\":\"WebSite\",\"@id\":\"https:\\\/\\\/www.data-talk.eu\\\/#website\",\"url\":\"https:\\\/\\\/www.data-talk.eu\\\/\",\"name\":\"data-talk.eu\",\"description\":\"DataTalk\",\"potentialAction\":[{\"@type\":\"SearchAction\",\"target\":{\"@type\":\"EntryPoint\",\"urlTemplate\":\"https:\\\/\\\/www.data-talk.eu\\\/?s={search_term_string}\"},\"query-input\":{\"@type\":\"PropertyValueSpecification\",\"valueRequired\":true,\"valueName\":\"search_term_string\"}}],\"inLanguage\":\"cs\"}]}<\/script>\n<!-- \/ Yoast SEO plugin. -->","yoast_head_json":{"title":"Welcome dark - data-talk.eu","robots":{"index":"index","follow":"follow","max-snippet":"max-snippet:-1","max-image-preview":"max-image-preview:large","max-video-preview":"max-video-preview:-1"},"canonical":"https:\/\/www.data-talk.eu\/cs\/welcome-dark\/","og_locale":"cs_CZ","og_type":"article","og_title":"Welcome dark - data-talk.eu","og_description":"V\u00edtejte v DataTalk. Nev\u00edte si rady? Zde najdete v\u0161e, co pot\u0159ebujete k vytvo\u0159en\u00ed sv\u00e9ho projektu v DataTalk. Online Dokumentace \u2192 Co je nov\u00e9ho v DataTalk? M\u011bjte p\u0159ehled o nov\u00fdch funkc\u00edch, referenc\u00edch a p\u0159\u00edkladech pou\u017eit\u00ed DataTalk. DataTalk Blog \u2192 Napi\u0161te n\u00e1m A\u0165 u\u017e m\u00e1te ot\u00e1zku, n\u00e1vrh nebo pochvalu, jsme tu, abychom v\u00e1s vyslechli. Kontaktujte n\u00e1s prost\u0159ednictv\u00edm [&hellip;]","og_url":"https:\/\/www.data-talk.eu\/cs\/welcome-dark\/","og_site_name":"data-talk.eu","article_modified_time":"2025-03-28T09:25:41+00:00","twitter_card":"summary_large_image","schema":{"@context":"https:\/\/schema.org","@graph":[{"@type":"WebPage","@id":"https:\/\/www.data-talk.eu\/cs\/welcome-dark\/","url":"https:\/\/www.data-talk.eu\/cs\/welcome-dark\/","name":"Welcome dark - data-talk.eu","isPartOf":{"@id":"https:\/\/www.data-talk.eu\/#website"},"primaryImageOfPage":{"@id":"https:\/\/www.data-talk.eu\/cs\/welcome-dark\/#primaryimage"},"image":{"@id":"https:\/\/www.data-talk.eu\/cs\/welcome-dark\/#primaryimage"},"thumbnailUrl":"https:\/\/www.data-talk.eu\/wp-content\/uploads\/2025\/03\/help.svg","datePublished":"2025-03-28T08:52:05+00:00","dateModified":"2025-03-28T09:25:41+00:00","breadcrumb":{"@id":"https:\/\/www.data-talk.eu\/cs\/welcome-dark\/#breadcrumb"},"inLanguage":"cs","potentialAction":[{"@type":"ReadAction","target":["https:\/\/www.data-talk.eu\/cs\/welcome-dark\/"]}]},{"@type":"ImageObject","inLanguage":"cs","@id":"https:\/\/www.data-talk.eu\/cs\/welcome-dark\/#primaryimage","url":"https:\/\/www.data-talk.eu\/wp-content\/uploads\/2025\/03\/help.svg","contentUrl":"https:\/\/www.data-talk.eu\/wp-content\/uploads\/2025\/03\/help.svg"},{"@type":"BreadcrumbList","@id":"https:\/\/www.data-talk.eu\/cs\/welcome-dark\/#breadcrumb","itemListElement":[{"@type":"ListItem","position":1,"name":"Dom\u016f","item":"https:\/\/www.data-talk.eu\/cs\/"},{"@type":"ListItem","position":2,"name":"Welcome dark"}]},{"@type":"WebSite","@id":"https:\/\/www.data-talk.eu\/#website","url":"https:\/\/www.data-talk.eu\/","name":"data-talk.eu","description":"DataTalk","potentialAction":[{"@type":"SearchAction","target":{"@type":"EntryPoint","urlTemplate":"https:\/\/www.data-talk.eu\/?s={search_term_string}"},"query-input":{"@type":"PropertyValueSpecification","valueRequired":true,"valueName":"search_term_string"}}],"inLanguage":"cs"}]}},"uagb_featured_image_src":{"full":false,"thumbnail":false,"medium":false,"medium_large":false,"large":false,"1536x1536":false,"2048x2048":false},"uagb_author_info":{"display_name":"DataTalk","author_link":"https:\/\/www.data-talk.eu\/cs\/author\/datatalk\/"},"uagb_comment_info":0,"uagb_excerpt":"V\u00edtejte v DataTalk. Nev\u00edte si rady? Zde najdete v\u0161e, co pot\u0159ebujete k vytvo\u0159en\u00ed sv\u00e9ho projektu v DataTalk. Online Dokumentace \u2192 Co je nov\u00e9ho v DataTalk? M\u011bjte p\u0159ehled o nov\u00fdch funkc\u00edch, referenc\u00edch a p\u0159\u00edkladech pou\u017eit\u00ed DataTalk. DataTalk Blog \u2192 Napi\u0161te n\u00e1m A\u0165 u\u017e m\u00e1te ot\u00e1zku, n\u00e1vrh nebo pochvalu, jsme tu, abychom v\u00e1s vyslechli. Kontaktujte n\u00e1s prost\u0159ednictv\u00edm&hellip;","_links":{"self":[{"href":"https:\/\/www.data-talk.eu\/cs\/wp-json\/wp\/v2\/pages\/4745","targetHints":{"allow":["GET"]}}],"collection":[{"href":"https:\/\/www.data-talk.eu\/cs\/wp-json\/wp\/v2\/pages"}],"about":[{"href":"https:\/\/www.data-talk.eu\/cs\/wp-json\/wp\/v2\/types\/page"}],"author":[{"embeddable":true,"href":"https:\/\/www.data-talk.eu\/cs\/wp-json\/wp\/v2\/users\/2"}],"replies":[{"embeddable":true,"href":"https:\/\/www.data-talk.eu\/cs\/wp-json\/wp\/v2\/comments?post=4745"}],"version-history":[{"count":1,"href":"https:\/\/www.data-talk.eu\/cs\/wp-json\/wp\/v2\/pages\/4745\/revisions"}],"predecessor-version":[{"id":4746,"href":"https:\/\/www.data-talk.eu\/cs\/wp-json\/wp\/v2\/pages\/4745\/revisions\/4746"}],"wp:attachment":[{"href":"https:\/\/www.data-talk.eu\/cs\/wp-json\/wp\/v2\/media?parent=4745"}],"curies":[{"name":"wp","href":"https:\/\/api.w.org\/{rel}","templated":true}]}}