{"id":2958,"date":"2025-02-06T11:07:04","date_gmt":"2025-02-06T10:07:04","guid":{"rendered":"https:\/\/www.data-talk.eu\/test-prekladu-do-ceskeho-jazyka\/"},"modified":"2025-02-19T10:52:08","modified_gmt":"2025-02-19T09:52:08","slug":"test-prekladu","status":"publish","type":"page","link":"https:\/\/www.data-talk.eu\/cs\/test-prekladu\/","title":{"rendered":"Test p\u0159ekladu do \u010cesk\u00e9ho Jazyka"},"content":{"rendered":"\n<div class=\"wp-block-group has-surface-background-color has-background has-global-padding is-layout-constrained wp-container-core-group-is-layout-1b1cebd2 wp-block-group-is-layout-constrained\" style=\"margin-top:0;margin-bottom:0;padding-top:var(--wp--preset--spacing--x-large);padding-bottom:var(--wp--preset--spacing--x-large)\">\n<div class=\"wp-block-group alignwide is-layout-flow wp-block-group-is-layout-flow\" id=\"story\" style=\"margin-top:0;margin-bottom:0\">\n<p class=\"has-text-align-center has-primary-color has-text-color has-x-small-font-size\" style=\"letter-spacing:2px;text-transform:uppercase\">AI SCADA<\/p>\n\n\n\n<h2 class=\"wp-block-heading has-text-align-center has-heading-color has-text-color\">SCADA<\/h2>\n\n\n\n<p class=\"has-text-align-center\">DataTalk AI SCADA nastavuje nov\u00e9 standardy pro SCADA syst\u00e9my d\u00edky sv\u00e9 <strong>webov\u00e9 platform\u011b<\/strong> a <strong>integrovan\u00e9mu n\u00e1vrh\u00e1\u0159i<\/strong> v re\u00e1ln\u00e9m \u010dase. Nab\u00edz\u00ed funkce jako analytiku poh\u00e1n\u011bnou um\u011blou inteligenc\u00ed, 2D\/3D zobrazen\u00ed, interaktivn\u00ed dashboardy, pokro\u010dil\u00e9 grafy, \u017eiv\u00e9 kamerov\u00e9 p\u0159enosy a <strong>grafick\u00fd v\u00fdpo\u010detn\u00ed modul bez nutnosti programov\u00e1n\u00ed<\/strong>. Je postaven na modern\u00edch webov\u00fdch standardech a zahrnuje vysoce v\u00fdkonnou \u010dasovou datab\u00e1zi, integrovanou redundanci, kontejnerovou architekturu a rychl\u00e9 aktualizace ka\u017ed\u00fdch 5 sekund.  <\/p>\n<\/div>\n<\/div>\n\n<figure class=\"wp-block-video\"><video controls=\"\" src=\"https:\/\/www.myhomeview1@myhomeview.info\/wp-content\/uploads\/SCADA.mp4\"><\/video><\/figure>\n","protected":false},"excerpt":{"rendered":"<p>AI SCADA SCADA DataTalk AI SCADA nastavuje nov\u00e9 standardy pro SCADA syst\u00e9my d\u00edky sv\u00e9 webov\u00e9 platform\u011b a integrovan\u00e9mu n\u00e1vrh\u00e1\u0159i v re\u00e1ln\u00e9m \u010dase. Nab\u00edz\u00ed funkce jako analytiku poh\u00e1n\u011bnou um\u011blou inteligenc\u00ed, 2D\/3D zobrazen\u00ed, interaktivn\u00ed dashboardy, pokro\u010dil\u00e9 grafy, \u017eiv\u00e9 kamerov\u00e9 p\u0159enosy a grafick\u00fd v\u00fdpo\u010detn\u00ed modul bez nutnosti programov\u00e1n\u00ed. Je postaven na modern\u00edch webov\u00fdch standardech a zahrnuje vysoce v\u00fdkonnou [&hellip;]<\/p>\n","protected":false},"author":2,"featured_media":0,"parent":0,"menu_order":0,"comment_status":"closed","ping_status":"closed","template":"","meta":{"_uag_custom_page_level_css":"","_swt_meta_header_display":false,"_swt_meta_footer_display":false,"_swt_meta_site_title_display":false,"_swt_meta_sticky_header":false,"_swt_meta_transparent_header":false,"footnotes":""},"class_list":["post-2958","page","type-page","status-publish","hentry"],"yoast_head":"<!-- This site is optimized with the Yoast SEO plugin v27.4 - https:\/\/yoast.com\/product\/yoast-seo-wordpress\/ -->\n<title>Test p\u0159ekladu do \u010cesk\u00e9ho Jazyka - data-talk.eu<\/title>\n<meta name=\"robots\" content=\"index, follow, max-snippet:-1, max-image-preview:large, max-video-preview:-1\" \/>\n<link rel=\"canonical\" href=\"https:\/\/www.data-talk.eu\/cs\/test-prekladu\/\" \/>\n<meta property=\"og:locale\" content=\"cs_CZ\" \/>\n<meta property=\"og:type\" content=\"article\" \/>\n<meta property=\"og:title\" content=\"Test p\u0159ekladu do \u010cesk\u00e9ho Jazyka - data-talk.eu\" \/>\n<meta property=\"og:description\" content=\"AI SCADA SCADA DataTalk AI SCADA nastavuje nov\u00e9 standardy pro SCADA syst\u00e9my d\u00edky sv\u00e9 webov\u00e9 platform\u011b a integrovan\u00e9mu n\u00e1vrh\u00e1\u0159i v re\u00e1ln\u00e9m \u010dase. Nab\u00edz\u00ed funkce jako analytiku poh\u00e1n\u011bnou um\u011blou inteligenc\u00ed, 2D\/3D zobrazen\u00ed, interaktivn\u00ed dashboardy, pokro\u010dil\u00e9 grafy, \u017eiv\u00e9 kamerov\u00e9 p\u0159enosy a grafick\u00fd v\u00fdpo\u010detn\u00ed modul bez nutnosti programov\u00e1n\u00ed. Je postaven na modern\u00edch webov\u00fdch standardech a zahrnuje vysoce v\u00fdkonnou [&hellip;]\" \/>\n<meta property=\"og:url\" content=\"https:\/\/www.data-talk.eu\/cs\/test-prekladu\/\" \/>\n<meta property=\"og:site_name\" content=\"data-talk.eu\" \/>\n<meta property=\"article:modified_time\" content=\"2025-02-19T09:52:08+00:00\" \/>\n<meta name=\"twitter:card\" content=\"summary_large_image\" \/>\n<script type=\"application\/ld+json\" class=\"yoast-schema-graph\">{\"@context\":\"https:\\\/\\\/schema.org\",\"@graph\":[{\"@type\":\"WebPage\",\"@id\":\"https:\\\/\\\/www.data-talk.eu\\\/cs\\\/test-prekladu\\\/\",\"url\":\"https:\\\/\\\/www.data-talk.eu\\\/cs\\\/test-prekladu\\\/\",\"name\":\"Test p\u0159ekladu do \u010cesk\u00e9ho Jazyka - data-talk.eu\",\"isPartOf\":{\"@id\":\"https:\\\/\\\/www.data-talk.eu\\\/#website\"},\"datePublished\":\"2025-02-06T10:07:04+00:00\",\"dateModified\":\"2025-02-19T09:52:08+00:00\",\"breadcrumb\":{\"@id\":\"https:\\\/\\\/www.data-talk.eu\\\/cs\\\/test-prekladu\\\/#breadcrumb\"},\"inLanguage\":\"cs\",\"potentialAction\":[{\"@type\":\"ReadAction\",\"target\":[\"https:\\\/\\\/www.data-talk.eu\\\/cs\\\/test-prekladu\\\/\"]}]},{\"@type\":\"BreadcrumbList\",\"@id\":\"https:\\\/\\\/www.data-talk.eu\\\/cs\\\/test-prekladu\\\/#breadcrumb\",\"itemListElement\":[{\"@type\":\"ListItem\",\"position\":1,\"name\":\"Dom\u016f\",\"item\":\"https:\\\/\\\/www.data-talk.eu\\\/cs\\\/\"},{\"@type\":\"ListItem\",\"position\":2,\"name\":\"Test p\u0159ekladu do \u010cesk\u00e9ho Jazyka\"}]},{\"@type\":\"WebSite\",\"@id\":\"https:\\\/\\\/www.data-talk.eu\\\/#website\",\"url\":\"https:\\\/\\\/www.data-talk.eu\\\/\",\"name\":\"data-talk.eu\",\"description\":\"DataTalk\",\"potentialAction\":[{\"@type\":\"SearchAction\",\"target\":{\"@type\":\"EntryPoint\",\"urlTemplate\":\"https:\\\/\\\/www.data-talk.eu\\\/?s={search_term_string}\"},\"query-input\":{\"@type\":\"PropertyValueSpecification\",\"valueRequired\":true,\"valueName\":\"search_term_string\"}}],\"inLanguage\":\"cs\"}]}<\/script>\n<!-- \/ Yoast SEO plugin. -->","yoast_head_json":{"title":"Test p\u0159ekladu do \u010cesk\u00e9ho Jazyka - data-talk.eu","robots":{"index":"index","follow":"follow","max-snippet":"max-snippet:-1","max-image-preview":"max-image-preview:large","max-video-preview":"max-video-preview:-1"},"canonical":"https:\/\/www.data-talk.eu\/cs\/test-prekladu\/","og_locale":"cs_CZ","og_type":"article","og_title":"Test p\u0159ekladu do \u010cesk\u00e9ho Jazyka - data-talk.eu","og_description":"AI SCADA SCADA DataTalk AI SCADA nastavuje nov\u00e9 standardy pro SCADA syst\u00e9my d\u00edky sv\u00e9 webov\u00e9 platform\u011b a integrovan\u00e9mu n\u00e1vrh\u00e1\u0159i v re\u00e1ln\u00e9m \u010dase. Nab\u00edz\u00ed funkce jako analytiku poh\u00e1n\u011bnou um\u011blou inteligenc\u00ed, 2D\/3D zobrazen\u00ed, interaktivn\u00ed dashboardy, pokro\u010dil\u00e9 grafy, \u017eiv\u00e9 kamerov\u00e9 p\u0159enosy a grafick\u00fd v\u00fdpo\u010detn\u00ed modul bez nutnosti programov\u00e1n\u00ed. Je postaven na modern\u00edch webov\u00fdch standardech a zahrnuje vysoce v\u00fdkonnou [&hellip;]","og_url":"https:\/\/www.data-talk.eu\/cs\/test-prekladu\/","og_site_name":"data-talk.eu","article_modified_time":"2025-02-19T09:52:08+00:00","twitter_card":"summary_large_image","schema":{"@context":"https:\/\/schema.org","@graph":[{"@type":"WebPage","@id":"https:\/\/www.data-talk.eu\/cs\/test-prekladu\/","url":"https:\/\/www.data-talk.eu\/cs\/test-prekladu\/","name":"Test p\u0159ekladu do \u010cesk\u00e9ho Jazyka - data-talk.eu","isPartOf":{"@id":"https:\/\/www.data-talk.eu\/#website"},"datePublished":"2025-02-06T10:07:04+00:00","dateModified":"2025-02-19T09:52:08+00:00","breadcrumb":{"@id":"https:\/\/www.data-talk.eu\/cs\/test-prekladu\/#breadcrumb"},"inLanguage":"cs","potentialAction":[{"@type":"ReadAction","target":["https:\/\/www.data-talk.eu\/cs\/test-prekladu\/"]}]},{"@type":"BreadcrumbList","@id":"https:\/\/www.data-talk.eu\/cs\/test-prekladu\/#breadcrumb","itemListElement":[{"@type":"ListItem","position":1,"name":"Dom\u016f","item":"https:\/\/www.data-talk.eu\/cs\/"},{"@type":"ListItem","position":2,"name":"Test p\u0159ekladu do \u010cesk\u00e9ho Jazyka"}]},{"@type":"WebSite","@id":"https:\/\/www.data-talk.eu\/#website","url":"https:\/\/www.data-talk.eu\/","name":"data-talk.eu","description":"DataTalk","potentialAction":[{"@type":"SearchAction","target":{"@type":"EntryPoint","urlTemplate":"https:\/\/www.data-talk.eu\/?s={search_term_string}"},"query-input":{"@type":"PropertyValueSpecification","valueRequired":true,"valueName":"search_term_string"}}],"inLanguage":"cs"}]}},"uagb_featured_image_src":{"full":false,"thumbnail":false,"medium":false,"medium_large":false,"large":false,"1536x1536":false,"2048x2048":false},"uagb_author_info":{"display_name":"DataTalk","author_link":"https:\/\/www.data-talk.eu\/cs\/author\/datatalk\/"},"uagb_comment_info":0,"uagb_excerpt":"AI SCADA SCADA DataTalk AI SCADA nastavuje nov\u00e9 standardy pro SCADA syst\u00e9my d\u00edky sv\u00e9 webov\u00e9 platform\u011b a integrovan\u00e9mu n\u00e1vrh\u00e1\u0159i v re\u00e1ln\u00e9m \u010dase. Nab\u00edz\u00ed funkce jako analytiku poh\u00e1n\u011bnou um\u011blou inteligenc\u00ed, 2D\/3D zobrazen\u00ed, interaktivn\u00ed dashboardy, pokro\u010dil\u00e9 grafy, \u017eiv\u00e9 kamerov\u00e9 p\u0159enosy a grafick\u00fd v\u00fdpo\u010detn\u00ed modul bez nutnosti programov\u00e1n\u00ed. Je postaven na modern\u00edch webov\u00fdch standardech a zahrnuje vysoce v\u00fdkonnou&hellip;","_links":{"self":[{"href":"https:\/\/www.data-talk.eu\/cs\/wp-json\/wp\/v2\/pages\/2958","targetHints":{"allow":["GET"]}}],"collection":[{"href":"https:\/\/www.data-talk.eu\/cs\/wp-json\/wp\/v2\/pages"}],"about":[{"href":"https:\/\/www.data-talk.eu\/cs\/wp-json\/wp\/v2\/types\/page"}],"author":[{"embeddable":true,"href":"https:\/\/www.data-talk.eu\/cs\/wp-json\/wp\/v2\/users\/2"}],"replies":[{"embeddable":true,"href":"https:\/\/www.data-talk.eu\/cs\/wp-json\/wp\/v2\/comments?post=2958"}],"version-history":[{"count":2,"href":"https:\/\/www.data-talk.eu\/cs\/wp-json\/wp\/v2\/pages\/2958\/revisions"}],"predecessor-version":[{"id":3217,"href":"https:\/\/www.data-talk.eu\/cs\/wp-json\/wp\/v2\/pages\/2958\/revisions\/3217"}],"wp:attachment":[{"href":"https:\/\/www.data-talk.eu\/cs\/wp-json\/wp\/v2\/media?parent=2958"}],"curies":[{"name":"wp","href":"https:\/\/api.w.org\/{rel}","templated":true}]}}